{"id":686,"date":"2026-01-03T22:23:51","date_gmt":"2026-01-03T22:23:51","guid":{"rendered":"https:\/\/craftit.hr\/?page_id=686"},"modified":"2026-01-03T23:51:28","modified_gmt":"2026-01-03T23:51:28","slug":"current-offers","status":"publish","type":"page","link":"https:\/\/craftit.hr\/hr\/current-offers\/","title":{"rendered":"Aktualne ponude"},"content":{"rendered":"<p class=\"has-text-align-center\"><strong><span style=\"color: #fa0202;\" class=\"stk-highlight\">Edukacijsko-mentorske radionice koje vode Suzana Divi\u0107 i Tatjana Kotarski.<\/span><\/strong><\/p>\n\n\n\n<p>Novi ste u vo\u0111enju projekata? Ili ste se na\u0161li u ulozi u kojoj vodite inicijative i bez formalne titule voditelja projekta? <\/p>\n\n\n\n<p>Ova interaktivna serija radionica dizajnirana je upravo za vas! Istra\u017eit \u0107ete esencijalne vje\u0161tine vo\u0111enja projekata u interaktivnoj Zoom okolini, sura\u0111ivati u malim grupama, raspravljati o stvarnim primjerima iz prakse. Nije potrebno prethodno iskustvo, samo donesite va\u0161a piranja i motivaciju za u\u010denje i razvoj. <\/p>\n\n\n\n<p class=\"has-text-align-center\">\ud83d\udca1 <\/p>\n\n\n\n<p><strong>Nau\u010dite \u0161to voditelji projekata zaista u praksi rade, kako koordiniraju timove, kako anga\u017eiraju stakeholdere, kako pristupaju promjenama na projektu i eskalacijama, te isplanirajte svoj daljnji razvojni put.<\/strong><\/p>\n\n\n\n<div style=\"height:38px\" aria-hidden=\"true\" class=\"wp-block-spacer\"><\/div>\n\n\n\n<div class=\"wp-block-buttons is-content-justification-center is-layout-flex wp-container-core-buttons-is-layout-a89b3969 wp-block-buttons-is-layout-flex\">\n<div class=\"wp-block-button\"><a class=\"wp-block-button__link wp-element-button\" href=\"https:\/\/forms.gle\/CdETdvpJ8ENU8nRe9\" rel=\"nofollow noopener\" target=\"_blank\">Prijava<\/a><\/div>\n<\/div>\n\n\n\n<div style=\"height:23px\" aria-hidden=\"true\" class=\"wp-block-spacer\"><\/div>\n\n\n\n<p>Edukacijsko-mentorske radionice \u201cTaj\u010di i Suzi pri\u010daju o projektima\u201d organizira tvrtka CraftIT u suradnji s pm4you, a vode ih iskusne mentorice Suzana Divi\u0107 i Tatjana Kotarski.<\/p>\n\n\n\n<p>Uz kratki uvod u svaku radionicu radimo ve\u0107inu vremena interaktivno u malim grupama na temama i primjerima sudionika.<\/p>\n\n\n\n<p><strong>Nalazimo se virtualno preko Zoom platforme, od velja\u010de do lipnja svaki prvi utorak u mjesecu u terminu 19-21h.<\/strong><\/p>\n\n\n\n<div class=\"wp-block-group alignfull has-global-padding is-layout-constrained wp-container-core-group-is-layout-490fa1db wp-block-group-is-layout-constrained\" style=\"padding-top:var(--wp--preset--spacing--50);padding-right:var(--wp--preset--spacing--50);padding-bottom:var(--wp--preset--spacing--50);padding-left:var(--wp--preset--spacing--50)\">\n<div class=\"wp-block-group has-global-padding is-layout-constrained wp-container-core-group-is-layout-650790e1 wp-block-group-is-layout-constrained\">\n<h1 class=\"wp-block-heading has-text-align-center has-x-large-font-size\">Datumi i teme radionica<\/h1>\n\n\n\n<div style=\"height:1.25rem\" aria-hidden=\"true\" class=\"wp-block-spacer\"><\/div>\n\n\n\n<div class=\"wp-block-stackable-icon-list stk-block-icon-list stk-block stk-3e0676c\" data-block-id=\"3e0676c\"><svg style=\"display:none\"><defs><g id=\"stk-icon-list__icon-svg-def-3e0676c\"><svg xmlns=\"http:\/\/www.w3.org\/2000\/svg\" viewbox=\"0 0 190 190\"><polygon points=\"173.8,28.4 60.4,141.8 15.7,97.2 5.1,107.8 60.4,163 184.4,39 173.8,28.4\"\/><\/svg><\/g><\/defs><\/svg><ul class=\"stk-block-icon-list__ul stk-block-icon-list--column\">\n<li class=\"wp-block-stackable-icon-list-item stk-block-icon-list-item stk-block stk-fe1579e\" data-block-id=\"fe1579e\"><div class=\"stk-block-icon-list-item__content\"><span class=\"stk--svg-wrapper\"><div class=\"stk--inner-svg\"><svg aria-hidden=\"true\" width=\"32\" height=\"32\"><use xlink:href=\"#stk-icon-list__icon-svg-def-3e0676c\"><\/use><\/svg><\/div><\/span><span class=\"stk-block-icon-list-item__text\"><strong>Feb 3, 2026:<\/strong>&nbsp;\u0160to zapravo radi voditelj projekta?<\/span><\/div><\/li>\n\n\n\n<li class=\"wp-block-stackable-icon-list-item stk-block-icon-list-item stk-block stk-45e82dd\" data-block-id=\"45e82dd\"><div class=\"stk-block-icon-list-item__content\"><span class=\"stk--svg-wrapper\"><div class=\"stk--inner-svg\"><svg aria-hidden=\"true\" width=\"32\" height=\"32\"><use xlink:href=\"#stk-icon-list__icon-svg-def-3e0676c\"><\/use><\/svg><\/div><\/span><span class=\"stk-block-icon-list-item__text\"><strong>Mar 3, 2026:<\/strong>&nbsp;Kako uspje\u0161no upravljati projektim timom?<\/span><\/div><\/li>\n\n\n\n<li class=\"wp-block-stackable-icon-list-item stk-block-icon-list-item stk-block stk-0e4f7cd\" data-block-id=\"0e4f7cd\"><div class=\"stk-block-icon-list-item__content\"><span class=\"stk--svg-wrapper\"><div class=\"stk--inner-svg\"><svg aria-hidden=\"true\" width=\"32\" height=\"32\"><use xlink:href=\"#stk-icon-list__icon-svg-def-3e0676c\"><\/use><\/svg><\/div><\/span><span class=\"stk-block-icon-list-item__text\"><strong>Apr 7, 2026:<\/strong>&nbsp;Stakeholderi<\/span><\/div><\/li>\n\n\n\n<li class=\"wp-block-stackable-icon-list-item stk-block-icon-list-item stk-block stk-09e0289\" data-block-id=\"09e0289\"><div class=\"stk-block-icon-list-item__content\"><span class=\"stk--svg-wrapper\"><div class=\"stk--inner-svg\"><svg aria-hidden=\"true\" width=\"32\" height=\"32\"><use xlink:href=\"#stk-icon-list__icon-svg-def-3e0676c\"><\/use><\/svg><\/div><\/span><span class=\"stk-block-icon-list-item__text\"><strong>May 5, 2026:<\/strong>&nbsp;Promjene na projektima, ka\u0161njenja i eskalacije<\/span><\/div><\/li>\n\n\n\n<li class=\"wp-block-stackable-icon-list-item stk-block-icon-list-item stk-block stk-a1f3ac5\" data-block-id=\"a1f3ac5\"><div class=\"stk-block-icon-list-item__content\"><span class=\"stk--svg-wrapper\"><div class=\"stk--inner-svg\"><svg aria-hidden=\"true\" width=\"32\" height=\"32\"><use xlink:href=\"#stk-icon-list__icon-svg-def-3e0676c\"><\/use><\/svg><\/div><\/span><span class=\"stk-block-icon-list-item__text\"><strong>Jun 2, 2026:<\/strong>&nbsp;Refleksija i plan daljnjeg razvoja<\/span><\/div><\/li>\n<\/ul><\/div>\n\n\n\n<div style=\"height:1.25rem\" aria-hidden=\"true\" class=\"wp-block-spacer\"><\/div>\n<\/div>\n\n\n\n<div class=\"wp-block-buttons is-content-justification-center is-layout-flex wp-container-core-buttons-is-layout-a89b3969 wp-block-buttons-is-layout-flex\">\n<div class=\"wp-block-button\"><a class=\"wp-block-button__link wp-element-button\" href=\"https:\/\/forms.gle\/CdETdvpJ8ENU8nRe9\" rel=\"nofollow noopener\" target=\"_blank\">Prijava<\/a><\/div>\n<\/div>\n<\/div>\n\n\n\n<div class=\"wp-block-group alignfull has-base-2-background-color has-background has-global-padding is-layout-constrained wp-container-core-group-is-layout-669513ed wp-block-group-is-layout-constrained\" style=\"margin-top:0;margin-bottom:0;padding-top:var(--wp--preset--spacing--50);padding-right:var(--wp--preset--spacing--50);padding-bottom:var(--wp--preset--spacing--50);padding-left:var(--wp--preset--spacing--50)\">\n<div class=\"wp-block-group is-vertical is-content-justification-center is-layout-flex wp-container-core-group-is-layout-52b864f0 wp-block-group-is-layout-flex\">\n<h2 class=\"wp-block-heading has-text-align-center is-style-asterisk\">Cijene i dostupni paketi<br><\/h2>\n\n\n\n<div style=\"height:0px\" aria-hidden=\"true\" class=\"wp-block-spacer wp-container-content-4f2ccadb\"><\/div>\n<\/div>\n\n\n\n<div style=\"margin-top:0;margin-bottom:0;height:var(--wp--preset--spacing--40)\" aria-hidden=\"true\" class=\"wp-block-spacer\"><\/div>\n\n\n\n<div class=\"wp-block-columns alignwide is-layout-flex wp-container-core-columns-is-layout-d0bbbce0 wp-block-columns-is-layout-flex\">\n<div class=\"wp-block-column is-layout-flow wp-container-core-column-is-layout-e3d1c41b wp-block-column-is-layout-flow\">\n<h3 class=\"wp-block-heading has-text-align-left is-style-asterisk has-body-font-family has-medium-font-size\" style=\"font-style:normal;font-weight:600\"><span style=\"color: #f20808;\" class=\"stk-highlight\">BASIC paket<\/span><\/h3>\n\n\n\n<p><strong>62.5 EUR (50 + PDV)<\/strong><\/p>\n\n\n\n<p class=\"has-text-align-left\">Sudjelovanje u svih pet online radionica s tematikom projekata, o bazi\u010dnim znanjima i vje\u0161tinama vo\u0111enja projekata s fokusom na razmjenu iskustava svih sudionika.<\/p>\n<\/div>\n\n\n\n<div class=\"wp-block-column is-layout-flow wp-container-core-column-is-layout-e3d1c41b wp-block-column-is-layout-flow\">\n<h3 class=\"wp-block-heading has-text-align-left is-style-asterisk has-body-font-family has-medium-font-size\" style=\"font-style:normal;font-weight:600\"><span style=\"color: #fa0606;\" class=\"stk-highlight\">PRO paket<\/span><\/h3>\n\n\n\n<p><strong>312.5 EUR (250 + PDV)<\/strong><\/p>\n\n\n\n<p class=\"has-text-align-left\">Uklju\u010duje sve iz BASIC paketa, plus:<\/p>\n\n\n\n<p class=\"has-text-align-left\">+ Jedan&nbsp;<strong>grupni Q&amp;A online razgovor<\/strong>&nbsp;samo za PRO sudionike<\/p>\n\n\n\n<p>+ Mentor coaching online susret 1 na 1 sa&nbsp;<strong>Tatjanom Kotarski (Taj\u010di)<\/strong><\/p>\n\n\n\n<p>+ Mentor coaching online susret 1 na 1 sa&nbsp;<strong>Suzanom Divi\u0107 (Suzi)<\/strong><\/p>\n<\/div>\n\n\n\n<div class=\"wp-block-column is-layout-flow wp-container-core-column-is-layout-e3d1c41b wp-block-column-is-layout-flow\">\n<h3 class=\"wp-block-heading has-text-align-left is-style-asterisk has-body-font-family has-medium-font-size\" style=\"font-style:normal;font-weight:600\"><span style=\"color: #fa0606;\" class=\"stk-highlight\">Pojedina\u010dna radionica<\/span><\/h3>\n\n\n\n<p><strong>25 EUR (20 + PDV)<\/strong><\/p>\n\n\n\n<p class=\"has-text-align-left\">Bilo koja pojedina\u010dna radionica iz Basic paketa, osim zadnje.<\/p>\n\n\n\n<p class=\"has-text-align-left\">Na zadnjoj radionica imamo refleksija i kreiranje plana daljnjeg razvoja sudionika iz Basic i Pro paketa koji su sudjelovali na svim radionicama. Ova radionica ne mo\u017ee se pojedina\u010dno ugovoriti. <\/p>\n<\/div>\n<\/div>\n\n\n\n<div style=\"height:var(--wp--preset--spacing--20)\" aria-hidden=\"true\" class=\"wp-block-spacer\"><\/div>\n\n\n\n<div class=\"wp-block-buttons is-content-justification-center is-layout-flex wp-container-core-buttons-is-layout-a89b3969 wp-block-buttons-is-layout-flex\">\n<div class=\"wp-block-button\"><a class=\"wp-block-button__link wp-element-button\" href=\"https:\/\/forms.gle\/CdETdvpJ8ENU8nRe9\" rel=\"nofollow noopener\" target=\"_blank\">Prijava<\/a><\/div>\n<\/div>\n\n\n\n<figure class=\"wp-block-image alignwide size-full is-style-rounded is-style-rounded--1\"><img loading=\"lazy\" decoding=\"async\" width=\"800\" height=\"533\" src=\"https:\/\/craftit.hr\/wp-content\/uploads\/2026\/01\/Web_PM_slika.jpg\" alt=\"\" class=\"wp-image-689\" srcset=\"https:\/\/craftit.hr\/wp-content\/uploads\/2026\/01\/Web_PM_slika.jpg 800w, https:\/\/craftit.hr\/wp-content\/uploads\/2026\/01\/Web_PM_slika-300x200.jpg 300w, https:\/\/craftit.hr\/wp-content\/uploads\/2026\/01\/Web_PM_slika-768x512.jpg 768w, https:\/\/craftit.hr\/wp-content\/uploads\/2026\/01\/Web_PM_slika-18x12.jpg 18w, https:\/\/craftit.hr\/wp-content\/uploads\/2026\/01\/Web_PM_slika-500x333.jpg 500w\" sizes=\"auto, (max-width: 800px) 100vw, 800px\" \/><\/figure>\n<\/div>\n\n\n\n<div class=\"wp-block-group alignfull has-global-padding is-layout-constrained wp-container-core-group-is-layout-d89aad35 wp-block-group-is-layout-constrained\" style=\"margin-top:0;margin-bottom:0;padding-top:var(--wp--preset--spacing--50);padding-right:var(--wp--preset--spacing--50);padding-bottom:var(--wp--preset--spacing--50);padding-left:var(--wp--preset--spacing--50)\">\n<div class=\"wp-block-group alignwide has-global-padding is-layout-constrained wp-container-core-group-is-layout-19e250f3 wp-block-group-is-layout-constrained\">\n<div class=\"wp-block-group is-vertical is-content-justification-center is-layout-flex wp-container-core-group-is-layout-6329a8f3 wp-block-group-is-layout-flex\">\n<h2 class=\"wp-block-heading has-text-align-center is-style-asterisk\">Politika povrata novca i za\u0161tita osobnih podataka<\/h2>\n<\/div>\n\n\n\n<div style=\"height:var(--wp--preset--spacing--40)\" aria-hidden=\"true\" class=\"wp-block-spacer\"><\/div>\n\n\n\n<div class=\"wp-block-columns alignwide is-layout-flex wp-container-core-columns-is-layout-d1c656ed wp-block-columns-is-layout-flex\">\n<div class=\"wp-block-column is-vertically-aligned-center is-layout-flow wp-block-column-is-layout-flow\" style=\"flex-basis:40%\">\n<h3 class=\"wp-block-heading is-style-asterisk\">Etika i za\u0161tita privatnosti<\/h3>\n\n\n\n<ul style=\"line-height:1.75\" class=\"wp-block-list is-style-checkmark-list\">\n<li>Radionice organizira CraftIT, te va\u0161i osobni podaci s forme za prijavu i podaci o uplatama  ne\u0107e biti podijeljeni s ostalim uklju\u010denim stranama. <\/li>\n\n\n\n<li>Sami birate \u0161to dijelite na Zoom pozivima s CraftIT, pm4you, te s ostalim sudionicima radionica. To se odnosi i na ime\/naslov s kojim se predstavljat ena Zoomu i usmeno, kao i koje pri\u010de iz stvarnog \u017eivota \u0107ete podijeliti. Anonimizirajte osjetljive detalje o poslodavcu i kolegama prije nego \u0161to ispri\u010date doga\u0111aj u grupi.    <\/li>\n\n\n\n<li>Grupu \u0107emo zamoliti za pridr\u017eavanje Vegas pravila, ali tu se pouzdamo u osobno po\u0161tenje, nije pravno obavezuju\u0107e.<\/li>\n\n\n\n<li>Grupni susreti ne\u0107e biti snimljeni.<\/li>\n\n\n\n<li>1:1 susreti za PRO sudionike su povjerljive prirode.<\/li>\n<\/ul>\n<\/div>\n\n\n\n<div class=\"wp-block-column is-layout-flow wp-block-column-is-layout-flow\" style=\"flex-basis:50%\">\n<div style=\"height:100px\" aria-hidden=\"true\" class=\"wp-block-spacer\"><\/div>\n\n\n\n<figure class=\"wp-block-image size-full is-style-rounded is-style-rounded--2\"><img loading=\"lazy\" decoding=\"async\" width=\"800\" height=\"533\" src=\"https:\/\/craftit.hr\/wp-content\/uploads\/2026\/01\/web_honesty.jpg\" alt=\"\" class=\"wp-image-690\" srcset=\"https:\/\/craftit.hr\/wp-content\/uploads\/2026\/01\/web_honesty.jpg 800w, https:\/\/craftit.hr\/wp-content\/uploads\/2026\/01\/web_honesty-300x200.jpg 300w, https:\/\/craftit.hr\/wp-content\/uploads\/2026\/01\/web_honesty-768x512.jpg 768w, https:\/\/craftit.hr\/wp-content\/uploads\/2026\/01\/web_honesty-18x12.jpg 18w, https:\/\/craftit.hr\/wp-content\/uploads\/2026\/01\/web_honesty-500x333.jpg 500w\" sizes=\"auto, (max-width: 800px) 100vw, 800px\" \/><\/figure>\n<\/div>\n<\/div>\n\n\n\n<div style=\"height:var(--wp--preset--spacing--40)\" aria-hidden=\"true\" class=\"wp-block-spacer\"><\/div>\n\n\n\n<div class=\"wp-block-columns alignwide is-layout-flex wp-container-core-columns-is-layout-d1c656ed wp-block-columns-is-layout-flex\">\n<div class=\"wp-block-column is-layout-flow wp-block-column-is-layout-flow\" style=\"flex-basis:50%\">\n<div style=\"height:100px\" aria-hidden=\"true\" class=\"wp-block-spacer\"><\/div>\n\n\n\n<figure class=\"wp-block-image size-full is-style-rounded is-style-rounded--3\"><img loading=\"lazy\" decoding=\"async\" width=\"800\" height=\"533\" src=\"https:\/\/craftit.hr\/wp-content\/uploads\/2026\/01\/web_claim.jpg\" alt=\"\" class=\"wp-image-691\" srcset=\"https:\/\/craftit.hr\/wp-content\/uploads\/2026\/01\/web_claim.jpg 800w, https:\/\/craftit.hr\/wp-content\/uploads\/2026\/01\/web_claim-300x200.jpg 300w, https:\/\/craftit.hr\/wp-content\/uploads\/2026\/01\/web_claim-768x512.jpg 768w, https:\/\/craftit.hr\/wp-content\/uploads\/2026\/01\/web_claim-18x12.jpg 18w, https:\/\/craftit.hr\/wp-content\/uploads\/2026\/01\/web_claim-500x333.jpg 500w\" sizes=\"auto, (max-width: 800px) 100vw, 800px\" \/><\/figure>\n<\/div>\n\n\n\n<div class=\"wp-block-column is-vertically-aligned-center is-layout-flow wp-block-column-is-layout-flow\" style=\"flex-basis:40%\">\n<h3 class=\"wp-block-heading is-style-asterisk\">Pla\u0107anja i povrati<\/h3>\n\n\n\n<ul style=\"line-height:1.75\" class=\"wp-block-list is-style-checkmark-list\">\n<li>Kad kliknete Prijava, otvorit \u0107e vam se forma koju popunite i time vas ra\u010dunamo kao sudionika. Naknadno \u0107emo mailom poslati podatke i zatra\u017eiti pla\u0107anje, nakon \u0161to potvrdimo da je dovoljno zainteresiranih i da \u0107e se grupa odr\u017eati kako je planirano<\/li>\n\n\n\n<li>Nakon \u0161to dobijete detalje o pla\u0107anju, osigurat \u0107ete svoje mjesto \u010dim napravite pravovremenu uplatu.  <\/li>\n\n\n\n<li>Ako na neku radionicu ne do\u0111ete, parcijalni povrat ne\u0107e biti napravljen. <\/li>\n\n\n\n<li>Ako neka radionica bude pomaknuta zbog organizatora, a vi zbog novog datuma ne mo\u017eete prisustvovati, parcijalni povrat \u0107e vam biti odobren. <\/li>\n\n\n\n<li>Svi ostali sporni slu\u010dajevi bit \u0107e rje\u0161avani pojedina\u010dno<\/li>\n<\/ul>\n<\/div>\n<\/div>\n<\/div>\n\n\n\n<div style=\"height:63px\" aria-hidden=\"true\" class=\"wp-block-spacer\"><\/div>\n\n\n\n<div class=\"wp-block-buttons is-content-justification-center is-layout-flex wp-container-core-buttons-is-layout-a89b3969 wp-block-buttons-is-layout-flex\">\n<div class=\"wp-block-button\"><a class=\"wp-block-button__link wp-element-button\" href=\"https:\/\/forms.gle\/CdETdvpJ8ENU8nRe9\" rel=\"nofollow noopener\" target=\"_blank\">Prijava<\/a><\/div>\n<\/div>\n\n\n\n<div style=\"height:63px\" aria-hidden=\"true\" class=\"wp-block-spacer\"><\/div>\n\n\n\n<p>Niste do kraja uvjereni da je ovo za vas? Prokomentirajmo zajedno, kontaktirajte nas:<\/p>\n\n\n\n<div class=\"wp-block-buttons is-content-justification-center is-layout-flex wp-container-core-buttons-is-layout-a89b3969 wp-block-buttons-is-layout-flex\">\n<div class=\"wp-block-button\"><a class=\"wp-block-button__link wp-element-button\" href=\"https:\/\/craftit.hr\/hr\/contact_us\/\">Kontaktirajte nas<\/a><\/div>\n<\/div>\n<\/div>\n\n\n\n<div class=\"wp-block-group alignfull has-base-color has-contrast-background-color has-text-color has-background has-global-padding is-layout-constrained wp-container-core-group-is-layout-ef3d885c wp-block-group-is-layout-constrained\" style=\"margin-top:0;margin-bottom:0;padding-top:var(--wp--preset--spacing--60);padding-right:var(--wp--preset--spacing--60);padding-bottom:var(--wp--preset--spacing--60);padding-left:var(--wp--preset--spacing--60)\">\n<div class=\"wp-block-group has-global-padding is-layout-constrained wp-block-group-is-layout-constrained\">\n<p class=\"has-text-align-center has-base-color has-text-color has-heading-font-family has-x-large-font-size\" style=\"line-height:1.2\"><em>\"Svije\u0107a ne gubi svoju svjetlost kad pripali drugu svije\u0107u.\"<\/em><\/p>\n\n\n\n<h2 class=\"wp-block-heading has-text-align-center\"><span style=\"color: #fffffe;\" class=\"stk-highlight\">Rumi<\/span><\/h2>\n\n\n\n<div style=\"height:var(--wp--preset--spacing--10)\" aria-hidden=\"true\" class=\"wp-block-spacer\"><\/div>\n<\/div>\n<\/div>","protected":false},"excerpt":{"rendered":"<p>Educational and Mentoring Workshops&nbsp;led by Suzana Divi\u0107&nbsp;and&nbsp;Tatjana Kotarski. Are you new to project leadership or find yourself guiding initiatives without a title? This hands-on online workshop series is designed for you! You\u2019ll explore essential project skills in an interactive Zoom setting, collaborate in small groups, and tackle real-world examples. No prior experience required, just bring [&hellip;]<\/p>\n","protected":false},"author":1,"featured_media":687,"parent":0,"menu_order":0,"comment_status":"closed","ping_status":"closed","template":"","meta":{"footnotes":""},"class_list":["post-686","page","type-page","status-publish","has-post-thumbnail","hentry"],"_links":{"self":[{"href":"https:\/\/craftit.hr\/hr\/wp-json\/wp\/v2\/pages\/686","targetHints":{"allow":["GET"]}}],"collection":[{"href":"https:\/\/craftit.hr\/hr\/wp-json\/wp\/v2\/pages"}],"about":[{"href":"https:\/\/craftit.hr\/hr\/wp-json\/wp\/v2\/types\/page"}],"author":[{"embeddable":true,"href":"https:\/\/craftit.hr\/hr\/wp-json\/wp\/v2\/users\/1"}],"replies":[{"embeddable":true,"href":"https:\/\/craftit.hr\/hr\/wp-json\/wp\/v2\/comments?post=686"}],"version-history":[{"count":19,"href":"https:\/\/craftit.hr\/hr\/wp-json\/wp\/v2\/pages\/686\/revisions"}],"predecessor-version":[{"id":715,"href":"https:\/\/craftit.hr\/hr\/wp-json\/wp\/v2\/pages\/686\/revisions\/715"}],"wp:featuredmedia":[{"embeddable":true,"href":"https:\/\/craftit.hr\/hr\/wp-json\/wp\/v2\/media\/687"}],"wp:attachment":[{"href":"https:\/\/craftit.hr\/hr\/wp-json\/wp\/v2\/media?parent=686"}],"curies":[{"name":"wp","href":"https:\/\/api.w.org\/{rel}","templated":true}]}}