{"id":432,"date":"2025-08-27T23:01:59","date_gmt":"2025-08-27T23:01:59","guid":{"rendered":"https:\/\/craftit.hr\/?page_id=432"},"modified":"2026-01-03T19:38:25","modified_gmt":"2026-01-03T19:38:25","slug":"coaching-services","status":"publish","type":"page","link":"https:\/\/craftit.hr\/hr\/coaching-services\/","title":{"rendered":"Coaching usluge"},"content":{"rendered":"<div class=\"wp-block-nk-awb nk-awb\"><div class=\"nk-awb-wrap-content has-global-padding is-layout-constrained wp-block-nk-awb-is-layout-constrained\">\n<figure class=\"wp-block-image size-large\"><img loading=\"lazy\" decoding=\"async\" width=\"1024\" height=\"768\" src=\"https:\/\/craftit.hr\/wp-content\/uploads\/2025\/08\/20250611_114359-1024x768.jpg\" alt=\"Coaching with value cards \" class=\"wp-image-451\" srcset=\"https:\/\/craftit.hr\/wp-content\/uploads\/2025\/08\/20250611_114359-1024x768.jpg 1024w, https:\/\/craftit.hr\/wp-content\/uploads\/2025\/08\/20250611_114359-300x225.jpg 300w, https:\/\/craftit.hr\/wp-content\/uploads\/2025\/08\/20250611_114359-768x576.jpg 768w, https:\/\/craftit.hr\/wp-content\/uploads\/2025\/08\/20250611_114359-1536x1152.jpg 1536w, https:\/\/craftit.hr\/wp-content\/uploads\/2025\/08\/20250611_114359-2048x1536.jpg 2048w, https:\/\/craftit.hr\/wp-content\/uploads\/2025\/08\/20250611_114359-500x375.jpg 500w, https:\/\/craftit.hr\/wp-content\/uploads\/2025\/08\/20250611_114359-800x600.jpg 800w, https:\/\/craftit.hr\/wp-content\/uploads\/2025\/08\/20250611_114359-1280x960.jpg 1280w, https:\/\/craftit.hr\/wp-content\/uploads\/2025\/08\/20250611_114359-1920x1440.jpg 1920w\" sizes=\"auto, (max-width: 1024px) 100vw, 1024px\" \/><\/figure>\n<\/div><\/div>\n\n\n\n<div class=\"wp-block-group alignfull animated bounceInLeft has-base-2-background-color has-background has-global-padding is-layout-constrained wp-container-core-group-is-layout-669513ed wp-block-group-is-layout-constrained\" style=\"margin-top:0;margin-bottom:0;padding-top:var(--wp--preset--spacing--50);padding-right:var(--wp--preset--spacing--50);padding-bottom:var(--wp--preset--spacing--50);padding-left:var(--wp--preset--spacing--50)\">\n<div class=\"wp-block-group is-vertical is-content-justification-center is-layout-flex wp-container-core-group-is-layout-52b864f0 wp-block-group-is-layout-flex\">\n<div style=\"height:0px\" aria-hidden=\"true\" class=\"wp-block-spacer wp-container-content-4f2ccadb\"><\/div>\n\n\n\n<p class=\"has-text-align-center\">Nudimo i standardne coaching usluge i prilago\u0111ene usluge koje na jedinstven na\u010din kombiniraju provjerene tehnike coachinga i mentorstva sa stru\u010dno\u0161\u0107u u upravljanju projektima, poslovnoj analizi i razvoju liderstva.<\/p>\n\n\n\n<div style=\"margin-top:0;margin-bottom:0;height:0px\" aria-hidden=\"true\" class=\"wp-block-spacer wp-container-content-6c24486e\"><\/div>\n\n\n\n<p class=\"has-text-align-center\">Na\u0161 pristup pru\u017ea prakti\u010dnu podr\u0161ku usmjerenu na rezultate i ubrzanje va\u0161eg profesionalnog uspjeha, kao i osobnog rasta.<\/p>\n<\/div>\n\n\n\n<div class=\"wp-block-group is-vertical is-content-justification-center is-layout-flex wp-container-core-group-is-layout-52b864f0 wp-block-group-is-layout-flex\">\n<div style=\"margin-top:0;margin-bottom:0;height:0px\" aria-hidden=\"true\" class=\"wp-block-spacer wp-container-content-9d1f8957\"><\/div>\n<\/div>\n\n\n\n<div class=\"wp-block-columns alignwide is-layout-flex wp-container-core-columns-is-layout-d0bbbce0 wp-block-columns-is-layout-flex\">\n<div class=\"wp-block-column animated fadeIn is-layout-flow wp-container-core-column-is-layout-e3d1c41b wp-block-column-is-layout-flow\">\n<h3 class=\"wp-block-heading has-text-align-left is-style-asterisk has-body-font-family has-medium-font-size\" style=\"font-style:normal;font-weight:600\">PM Coaching<\/h3>\n\n\n\n<p class=\"has-text-align-left\">PM Coaching je usluga skrojena po mjeri za voditelje projekata koja kombinira coaching s mentorstvom za voditelje projekata u IT sektoru.<\/p>\n<\/div>\n\n\n\n<div class=\"wp-block-column animated fadeIn is-layout-flow wp-container-core-column-is-layout-e3d1c41b wp-block-column-is-layout-flow\">\n<h3 class=\"wp-block-heading has-text-align-left is-style-asterisk has-body-font-family has-medium-font-size\" style=\"font-style:normal;font-weight:600\">Podr\u0161ka za nove lidere<\/h3>\n\n\n\n<p class=\"has-text-align-left\">Coaching za mlade voditelje, sada\u0161nje ili budu\u0107e lidere strukturiran oko tema liderstva, poslovne komunikacije i korporativne dinamike.<\/p>\n<\/div>\n\n\n\n<div class=\"wp-block-column animated fadeIn is-layout-flow wp-container-core-column-is-layout-e3d1c41b wp-block-column-is-layout-flow\">\n<h3 class=\"wp-block-heading has-text-align-left is-style-asterisk has-body-font-family has-medium-font-size\" style=\"font-style:normal;font-weight:600\">Timski coaching ili coaching grupe<\/h3>\n\n\n\n<p class=\"has-text-align-left\">Vo\u0111ene radionice, prilago\u0111ene potrebama va\u0161eg tima, koje mogu uklju\u010divati \u200b\u200bdefinicije timskih ugovora, povratne informacije i upravljanje sukobima, retrospektivne radionice ili bilo koju drugu temu relevantnu za grupu.<\/p>\n<\/div>\n<\/div>\n\n\n\n<div style=\"height:var(--wp--preset--spacing--20)\" aria-hidden=\"true\" class=\"wp-block-spacer\"><\/div>\n\n\n\n<div class=\"wp-block-columns alignwide is-layout-flex wp-container-core-columns-is-layout-d0bbbce0 wp-block-columns-is-layout-flex\">\n<div class=\"wp-block-column animated fadeIn is-layout-flow wp-container-core-column-is-layout-e3d1c41b wp-block-column-is-layout-flow\">\n<h3 class=\"wp-block-heading has-text-align-left is-style-asterisk has-body-font-family has-medium-font-size\" style=\"font-style:normal;font-weight:600\">PM grupa podr\u0161ke<\/h3>\n\n\n\n<p class=\"has-text-align-left\">PM grupa podr\u0161ke je moderirana online grupa za mlade voditelje projekata iz razli\u010ditih tvrtki gdje mogu razmjenjivati \u200b\u200bznanja i izazove upravljanja projektima.<\/p>\n<\/div>\n\n\n\n<div class=\"wp-block-column animated fadeIn is-layout-flow wp-container-core-column-is-layout-e3d1c41b wp-block-column-is-layout-flow\">\n<h3 class=\"wp-block-heading has-text-align-left is-style-asterisk has-body-font-family has-medium-font-size\" style=\"font-style:normal;font-weight:600\">Osobni coaching<\/h3>\n\n\n\n<p class=\"has-text-align-left\">Individualni coaching za osobni razvoj oko poslovnih ili svakodnevnih tema za prevladavanje osobnih blokada, promjenu ne\u017eeljenih navika i postizanje kontinuiranog napretka na \u017eeljeni na\u010din.<\/p>\n<\/div>\n\n\n\n<div class=\"wp-block-column animated fadeIn is-layout-flow wp-container-core-column-is-layout-e3d1c41b wp-block-column-is-layout-flow\">\n<h3 class=\"wp-block-heading has-text-align-left is-style-asterisk has-body-font-family has-medium-font-size\" style=\"font-style:normal;font-weight:600\">Brainstorming partner<\/h3>\n\n\n\n<p class=\"has-text-align-left\">Ova usluga kombinira coaching pitanja s vje\u0161tinama poslovne analize kako bi vam pomogla u brainstormingu. Obi\u010dno se koristi kao pomo\u0107 u definiranju vlastitih proizvoda i usluga.<\/p>\n<\/div>\n<\/div>\n\n\n\n<div style=\"height:164px\" aria-hidden=\"true\" class=\"wp-block-spacer\"><\/div>\n\n\n\n<h2 class=\"wp-block-heading has-text-align-center\">Ostale CraftIT usluge<\/h2>\n\n\n\n<div style=\"height:100px\" aria-hidden=\"true\" class=\"wp-block-spacer\"><\/div>\n\n\n\n<div class=\"wp-block-group is-vertical is-content-justification-center is-layout-flex wp-container-core-group-is-layout-52b864f0 wp-block-group-is-layout-flex\">\n<figure class=\"wp-block-image size-large\"><img loading=\"lazy\" decoding=\"async\" width=\"1024\" height=\"683\" src=\"https:\/\/craftit.hr\/wp-content\/uploads\/2025\/08\/Custom_design_Photo_Office-1-1024x683.png\" alt=\"ACME office\" class=\"wp-image-531\" srcset=\"https:\/\/craftit.hr\/wp-content\/uploads\/2025\/08\/Custom_design_Photo_Office-1-1024x683.png 1024w, https:\/\/craftit.hr\/wp-content\/uploads\/2025\/08\/Custom_design_Photo_Office-1-300x200.png 300w, https:\/\/craftit.hr\/wp-content\/uploads\/2025\/08\/Custom_design_Photo_Office-1-768x512.png 768w, https:\/\/craftit.hr\/wp-content\/uploads\/2025\/08\/Custom_design_Photo_Office-1-500x333.png 500w, https:\/\/craftit.hr\/wp-content\/uploads\/2025\/08\/Custom_design_Photo_Office-1-800x533.png 800w, https:\/\/craftit.hr\/wp-content\/uploads\/2025\/08\/Custom_design_Photo_Office-1.png 1080w\" sizes=\"auto, (max-width: 1024px) 100vw, 1024px\" \/><\/figure>\n\n\n\n<div style=\"height:0px\" aria-hidden=\"true\" class=\"wp-block-spacer wp-container-content-6388d5dc\"><\/div>\n\n\n\n<p class=\"has-text-align-center\">Programska rje\u0161enja, savjetovanje, upravljanje projektima i koordinacija tima.<\/p>\n<\/div>\n\n\n\n<div class=\"wp-block-group is-vertical is-content-justification-center is-layout-flex wp-container-core-group-is-layout-52b864f0 wp-block-group-is-layout-flex\">\n<div style=\"margin-top:0;margin-bottom:0;height:0px\" aria-hidden=\"true\" class=\"wp-block-spacer wp-container-content-9d1f8957\"><\/div>\n<\/div>\n\n\n\n<div style=\"height:var(--wp--preset--spacing--20)\" aria-hidden=\"true\" class=\"wp-block-spacer\"><\/div>\n\n\n\n<div class=\"wp-block-columns alignwide is-layout-flex wp-container-core-columns-is-layout-d0bbbce0 wp-block-columns-is-layout-flex\">\n<div class=\"wp-block-column animated fadeIn is-layout-flow wp-container-core-column-is-layout-e3d1c41b wp-block-column-is-layout-flow\">\n<h3 class=\"wp-block-heading has-text-align-left is-style-asterisk has-body-font-family has-medium-font-size\" style=\"font-style:normal;font-weight:600\">Programska rje\u0161enja<\/h3>\n\n\n\n<p class=\"has-text-align-left\">Razvoj i integracija malih ili srednjih softverskih rje\u0161enja prema va\u0161im potrebama.<\/p>\n<\/div>\n\n\n\n<div class=\"wp-block-column animated fadeIn is-layout-flow wp-container-core-column-is-layout-e3d1c41b wp-block-column-is-layout-flow\">\n<h3 class=\"wp-block-heading has-text-align-left is-style-asterisk has-body-font-family has-medium-font-size\" style=\"font-style:normal;font-weight:600\">Tehni\u010dko savjetovanje<\/h3>\n\n\n\n<p class=\"has-text-align-left\">Konzultacije sa seniorom u vezi tehni\u010dkih rje\u0161enja ili konzultacije o konceptu, metodologiji i rizicima vezanim uz projekt.<\/p>\n<\/div>\n\n\n\n<div class=\"wp-block-column animated fadeIn is-layout-flow wp-container-core-column-is-layout-e3d1c41b wp-block-column-is-layout-flow\">\n<h3 class=\"wp-block-heading has-text-align-left is-style-asterisk has-body-font-family has-medium-font-size\" style=\"font-style:normal;font-weight:600\">Vo\u0111enje projekata<\/h3>\n\n\n\n<p class=\"has-text-align-left\">Upravljanje projektima i\/ili tehni\u010dka koordinacija malih i srednjih projekata.<\/p>\n<\/div>\n<\/div>\n\n\n\n<div style=\"height:100px\" aria-hidden=\"true\" class=\"wp-block-spacer\"><\/div>\n<\/div>\n\n\n\n<div class=\"wp-block-group alignfull has-base-2-background-color has-background has-global-padding is-layout-constrained wp-container-core-group-is-layout-39412042 wp-block-group-is-layout-constrained\" style=\"border-radius:16px;padding-top:var(--wp--preset--spacing--40);padding-right:var(--wp--preset--spacing--50);padding-bottom:var(--wp--preset--spacing--40);padding-left:var(--wp--preset--spacing--50)\">\n<div style=\"height:var(--wp--preset--spacing--10)\" aria-hidden=\"true\" class=\"wp-block-spacer\"><\/div>\n\n\n\n<h2 class=\"wp-block-heading has-text-align-center has-x-large-font-size\">Kontaktirajte nas za vi\u0161e detalja\u2026<\/h2>\n\n\n\n<p class=\"has-text-align-center\">...ili nas samo pozdravite.<\/p>\n\n\n\n<div class=\"wp-block-buttons is-content-justification-center is-layout-flex wp-container-core-buttons-is-layout-a89b3969 wp-block-buttons-is-layout-flex\">\n<div class=\"wp-block-button animated bounce delay-100ms fast\"><a class=\"wp-block-button__link wp-element-button\" href=\"https:\/\/craftit.hr\/hr\/contact_us\/\">Kontaktirajte nas<\/a><\/div>\n<\/div>\n\n\n\n<div style=\"height:var(--wp--preset--spacing--10)\" aria-hidden=\"true\" class=\"wp-block-spacer\"><\/div>\n<\/div>","protected":false},"excerpt":{"rendered":"<p>We offer both standard and tailor-made coaching services that uniquely combine proven coaching and mentoring techniques with expertise in project management, business analysis, and leadership development. Our approach delivers practical, results-oriented support designed to accelerate your professional success and personal growth. PM Coaching PM Coaching is tailor-made service for project managers which combines coaching with [&hellip;]<\/p>\n","protected":false},"author":1,"featured_media":0,"parent":0,"menu_order":0,"comment_status":"closed","ping_status":"closed","template":"","meta":{"footnotes":""},"class_list":["post-432","page","type-page","status-publish","hentry"],"_links":{"self":[{"href":"https:\/\/craftit.hr\/hr\/wp-json\/wp\/v2\/pages\/432","targetHints":{"allow":["GET"]}}],"collection":[{"href":"https:\/\/craftit.hr\/hr\/wp-json\/wp\/v2\/pages"}],"about":[{"href":"https:\/\/craftit.hr\/hr\/wp-json\/wp\/v2\/types\/page"}],"author":[{"embeddable":true,"href":"https:\/\/craftit.hr\/hr\/wp-json\/wp\/v2\/users\/1"}],"replies":[{"embeddable":true,"href":"https:\/\/craftit.hr\/hr\/wp-json\/wp\/v2\/comments?post=432"}],"version-history":[{"count":31,"href":"https:\/\/craftit.hr\/hr\/wp-json\/wp\/v2\/pages\/432\/revisions"}],"predecessor-version":[{"id":668,"href":"https:\/\/craftit.hr\/hr\/wp-json\/wp\/v2\/pages\/432\/revisions\/668"}],"wp:attachment":[{"href":"https:\/\/craftit.hr\/hr\/wp-json\/wp\/v2\/media?parent=432"}],"curies":[{"name":"wp","href":"https:\/\/api.w.org\/{rel}","templated":true}]}}