{"id":3,"date":"2025-06-29T16:10:31","date_gmt":"2025-06-29T16:10:31","guid":{"rendered":"http:\/\/testsuzana.local\/?page_id=3"},"modified":"2025-08-29T20:37:07","modified_gmt":"2025-08-29T20:37:07","slug":"privacy-policy","status":"publish","type":"page","link":"https:\/\/craftit.hr\/hr\/privacy-policy\/","title":{"rendered":"Politika privatnosti"},"content":{"rendered":"<h2 class=\"wp-block-heading\">Voditelj obrade:<\/h2>\n\n\n\n<p>CraftIT d.o.o, Zvonigradska 43B, 10.000 Zagreb<\/p>\n\n\n\n<p>Vlasnici: Josip and Suzana Divi\u0107<\/p>\n\n\n\n<p>Kontakt za za\u0161titu podataka: Suzana Divi\u0107, suzana.divic@craftit.hr<\/p>\n\n\n\n<p>Na\u0161a web stranica: <a href=\"http:\/\/www.craftIT.hr\" rel=\"nofollow noopener\" target=\"_blank\">www.craftit.hr<\/a><\/p>\n\n\n\n<div style=\"height:100px\" aria-hidden=\"true\" class=\"wp-block-spacer\"><\/div>\n\n\n\n<h2 class=\"wp-block-heading\">Osobni podaci koje prikupljamo:<\/h2>\n\n\n\n<p>Prikupljamo i obra\u0111ujemo podatke kada zatra\u017eite informacije, kada planirate sudjelovati na na\u0161im edukacijama ili kada koristiti na\u0161e mentoring,  coaching, savjetodavne ili tehni\u010dke usluge kao klijent, te za izradu ponuda i ra\u010duna.<\/p>\n\n\n\n<p>\u010cuvamo samo nu\u017ene podatke za odgovor na va\u0161 upit i pru\u017eanje usluga \u2013 naziv tvrtke i\/ili ime i prezime kontakta, kontakt e-mail i telefon, a za pla\u0107aju\u0107e korisnike i OIB radi mogu\u0107nosti fakturiranja usluga.<\/p>\n\n\n\n<p>Na\u0161a web stranica koristi kola\u010di\u0107e. Trenutno koristimo samo nu\u017ene kola\u010di\u0107e.<\/p>\n\n\n\n<p>Ako ostavite komentar na na\u0161em blogu, \u010duvamo va\u0161e komentare sve dok je objava na blogu dostupna. <\/p>\n\n\n\n<p>Ako nam po\u0161aljete upit putem kontakt obrasca, podaci uneseni u obrazac \u0161alju se na na\u0161 e-mail i pohranjuju za budu\u0107u uporabu.  <\/p>\n\n\n\n<p>Ostali upiti (putem e-maila, SMS-a, dru\u0161tvenih mre\u017ea i aplikacija) tako\u0111er se mogu \u010duvati za budu\u0107u referencu.<\/p>\n\n\n\n<div style=\"height:100px\" aria-hidden=\"true\" class=\"wp-block-spacer\"><\/div>\n\n\n\n<h2 class=\"wp-block-heading\">Kako koristimo va\u0161e osobne podatke<\/h2>\n\n\n\n<p>Va\u0161i podaci koriste se za komunikaciju, dogovaranje termina, izradu ponuda i ra\u010duna ili slanje informacija.<\/p>\n\n\n\n<p>Ne dijelimo va\u0161e osobne podatke s tre\u0107im stranama u marketin\u0161ke svrhe. <\/p>\n\n\n\n<p>Komentari posjetitelja na blogu mogu se provjeravati putem automatske usluge za detekciju ne\u017eeljene po\u0161te.<\/p>\n\n\n\n<p>Kontakt podatke povremeno koristimo za informiranje o aktualnim ponudama i novim doga\u0111ajima, no uvijek mo\u017eete ograni\u010diti primanje tih informacija putem e-maila.<\/p>\n\n\n\n<div style=\"height:100px\" aria-hidden=\"true\" class=\"wp-block-spacer\"><\/div>\n\n\n\n<h2 class=\"wp-block-heading\">Koliko dugo \u010duvamo va\u0161e podatke:<\/h2>\n\n\n\n<p>Osobne podatke vezane uz fakturiranje (financijske podatke) \u010duvamo sukladno zakonskim propisima.<\/p>\n\n\n\n<p>Ostale podatke \u010duvamo 12 mjeseci nakon zavr\u0161etka pru\u017eanja usluga.<\/p>\n\n\n\n<div style=\"height:100px\" aria-hidden=\"true\" class=\"wp-block-spacer\"><\/div>\n\n\n\n<h2 class=\"wp-block-heading\">Prava korisnika<\/h2>\n\n\n\n<p>Korisnici imaju pravo pristupa, ispravka, brisanja, ograni\u010davanja obrade podataka, prigovora te pravo na informacije i kopiju osobnih podataka. Za takve zahtjeve molimo kontaktirajte suzana.divic@craftit.hr.<\/p>\n\n\n\n<div style=\"height:100px\" aria-hidden=\"true\" class=\"wp-block-spacer\"><\/div>\n\n\n\n<h2 class=\"wp-block-heading\">Kola\u010di\u0107i i analitika<\/h2>\n\n\n\n<p>Ne koristimo alate za pra\u0107enje korisnika niti remarketing. Ova web stranica koristi samo tehni\u010dke kola\u010di\u0107e potrebne za ispravan rad stranice i SEO alate koje automatski ula\u017ee na\u0161 hosting provider Hostinger i aktivni WordPress dodaci.<\/p>\n\n\n\n<div style=\"height:100px\" aria-hidden=\"true\" class=\"wp-block-spacer\"><\/div>\n\n\n\n<h2 class=\"wp-block-heading\">Sigurnost<\/h2>\n\n\n\n<p>Pristup podacima za\u0161ti\u0107en je lozinkom i ograni\u010den samo na relevantno osoblje. Koristimo hosting na poslu\u017eiteljima pru\u017eatelja usluga s visokim sigurnosnim standardima.<\/p>\n\n\n\n<div style=\"height:100px\" aria-hidden=\"true\" class=\"wp-block-spacer\"><\/div>\n\n\n\n<h2 class=\"wp-block-heading\">Posljednja izmjena<\/h2>\n\n\n\n<p>Ova Politika privatnosti zadnji put je a\u017eurirana 25.08.2025.<\/p>\n\n\n\n<p><\/p>","protected":false},"excerpt":{"rendered":"<p>Data Controller: CraftIT d.o.o, Zvonigradska 43B, 10.000 Zagreb Owners: Josip and Suzana Divi\u0107 Contact for data protection: Suzana Divi\u0107, suzana.divic@craftit.hr Our website is: www.craftit.hr Personal data we collect: We collect and process data when you ask for information, or when you plan to attend our education or use our mentoring, coaching, consulting or technical services [&hellip;]<\/p>\n","protected":false},"author":1,"featured_media":0,"parent":0,"menu_order":0,"comment_status":"closed","ping_status":"open","template":"","meta":{"footnotes":""},"class_list":["post-3","page","type-page","status-publish","hentry"],"_links":{"self":[{"href":"https:\/\/craftit.hr\/hr\/wp-json\/wp\/v2\/pages\/3","targetHints":{"allow":["GET"]}}],"collection":[{"href":"https:\/\/craftit.hr\/hr\/wp-json\/wp\/v2\/pages"}],"about":[{"href":"https:\/\/craftit.hr\/hr\/wp-json\/wp\/v2\/types\/page"}],"author":[{"embeddable":true,"href":"https:\/\/craftit.hr\/hr\/wp-json\/wp\/v2\/users\/1"}],"replies":[{"embeddable":true,"href":"https:\/\/craftit.hr\/hr\/wp-json\/wp\/v2\/comments?post=3"}],"version-history":[{"count":12,"href":"https:\/\/craftit.hr\/hr\/wp-json\/wp\/v2\/pages\/3\/revisions"}],"predecessor-version":[{"id":563,"href":"https:\/\/craftit.hr\/hr\/wp-json\/wp\/v2\/pages\/3\/revisions\/563"}],"wp:attachment":[{"href":"https:\/\/craftit.hr\/hr\/wp-json\/wp\/v2\/media?parent=3"}],"curies":[{"name":"wp","href":"https:\/\/api.w.org\/{rel}","templated":true}]}}