{"id":686,"date":"2026-01-03T22:23:51","date_gmt":"2026-01-03T22:23:51","guid":{"rendered":"https:\/\/craftit.hr\/?page_id=686"},"modified":"2026-01-03T23:51:28","modified_gmt":"2026-01-03T23:51:28","slug":"current-offers","status":"publish","type":"page","link":"https:\/\/craftit.hr\/en\/current-offers\/","title":{"rendered":"Current Offers"},"content":{"rendered":"\n<p class=\"has-text-align-center\"><strong><span style=\"color: #fa0202;\" class=\"stk-highlight\">Educational and Mentoring Workshops&nbsp;led by Suzana Divi\u0107&nbsp;and&nbsp;Tatjana Kotarski.<\/span><\/strong><\/p>\n\n\n\n<p>Are you new to project leadership or find yourself guiding initiatives without a title? <\/p>\n\n\n\n<p>This hands-on online workshop series is designed for you! You\u2019ll explore essential project skills in an interactive Zoom setting, collaborate in small groups, and tackle real-world examples. No prior experience required, just bring your questions and motivation to grow! <\/p>\n\n\n\n<p class=\"has-text-align-center\">\ud83d\udca1 <\/p>\n\n\n\n<p><strong>Learn what project managers really&nbsp;do, how to coordinate teams, engage stakeholders, handle changes &amp; escalation, and plan your development.<\/strong><\/p>\n\n\n\n<div style=\"height:38px\" aria-hidden=\"true\" class=\"wp-block-spacer\"><\/div>\n\n\n\n<div class=\"wp-block-buttons is-content-justification-center is-layout-flex wp-container-core-buttons-is-layout-a89b3969 wp-block-buttons-is-layout-flex\">\n<div class=\"wp-block-button\"><a class=\"wp-block-button__link wp-element-button\" href=\"https:\/\/forms.gle\/CdETdvpJ8ENU8nRe9\" rel=\"nofollow noopener\" target=\"_blank\">Apply here<\/a><\/div>\n<\/div>\n\n\n\n<div style=\"height:23px\" aria-hidden=\"true\" class=\"wp-block-spacer\"><\/div>\n\n\n\n<p>Educational and Mentoring Workshops&nbsp;&#8220;Taj\u010di i Suzi pri\u010daju o projektima&#8221; (&#8220;Taj\u010di and Suzi are talking about projects&#8221;) are organized by CraftIT as a joint initiative with&nbsp;pm4you, led by&nbsp;experianced mentors Suzana Divi\u0107&nbsp;and&nbsp;Tatjana Kotarski.<\/p>\n\n\n\n<p>Each session begins with a short introduction, followed by interactive group work focused on real topics and examples brought by participants.<\/p>\n\n\n\n<p><strong>We meet online via&nbsp;Zoom&nbsp;from&nbsp;February to June, every&nbsp;first Tuesday of the month, from&nbsp;7 PM to 9 PM&nbsp;(CET).<\/strong><\/p>\n\n\n\n<div class=\"wp-block-group alignfull has-global-padding is-layout-constrained wp-container-core-group-is-layout-490fa1db wp-block-group-is-layout-constrained\" style=\"padding-top:var(--wp--preset--spacing--50);padding-right:var(--wp--preset--spacing--50);padding-bottom:var(--wp--preset--spacing--50);padding-left:var(--wp--preset--spacing--50)\">\n<div class=\"wp-block-group has-global-padding is-layout-constrained wp-container-core-group-is-layout-650790e1 wp-block-group-is-layout-constrained\">\n<h1 class=\"wp-block-heading has-text-align-center has-x-large-font-size\">Workshop Dates and Topics<\/h1>\n\n\n\n<div style=\"height:1.25rem\" aria-hidden=\"true\" class=\"wp-block-spacer\"><\/div>\n\n\n\n<div class=\"wp-block-stackable-icon-list stk-block-icon-list stk-block stk-3e0676c\" data-block-id=\"3e0676c\"><svg style=\"display:none\"><defs><g id=\"stk-icon-list__icon-svg-def-3e0676c\"><svg xmlns=\"http:\/\/www.w3.org\/2000\/svg\" viewBox=\"0 0 190 190\"><polygon points=\"173.8,28.4 60.4,141.8 15.7,97.2 5.1,107.8 60.4,163 184.4,39 173.8,28.4\"\/><\/svg><\/g><\/defs><\/svg><ul class=\"stk-block-icon-list__ul stk-block-icon-list--column\">\n<li class=\"wp-block-stackable-icon-list-item stk-block-icon-list-item stk-block stk-fe1579e\" data-block-id=\"fe1579e\"><div class=\"stk-block-icon-list-item__content\"><span class=\"stk--svg-wrapper\"><div class=\"stk--inner-svg\"><svg aria-hidden=\"true\" width=\"32\" height=\"32\"><use xlink:href=\"#stk-icon-list__icon-svg-def-3e0676c\"><\/use><\/svg><\/div><\/span><span class=\"stk-block-icon-list-item__text\"><strong>Feb 3, 2026:<\/strong>&nbsp;What Does a Project Manager Really Do?<\/span><\/div><\/li>\n\n\n\n<li class=\"wp-block-stackable-icon-list-item stk-block-icon-list-item stk-block stk-45e82dd\" data-block-id=\"45e82dd\"><div class=\"stk-block-icon-list-item__content\"><span class=\"stk--svg-wrapper\"><div class=\"stk--inner-svg\"><svg aria-hidden=\"true\" width=\"32\" height=\"32\"><use xlink:href=\"#stk-icon-list__icon-svg-def-3e0676c\"><\/use><\/svg><\/div><\/span><span class=\"stk-block-icon-list-item__text\"><strong>Mar 3, 2026:<\/strong>&nbsp;How to Successfully Manage a Project Team?<\/span><\/div><\/li>\n\n\n\n<li class=\"wp-block-stackable-icon-list-item stk-block-icon-list-item stk-block stk-0e4f7cd\" data-block-id=\"0e4f7cd\"><div class=\"stk-block-icon-list-item__content\"><span class=\"stk--svg-wrapper\"><div class=\"stk--inner-svg\"><svg aria-hidden=\"true\" width=\"32\" height=\"32\"><use xlink:href=\"#stk-icon-list__icon-svg-def-3e0676c\"><\/use><\/svg><\/div><\/span><span class=\"stk-block-icon-list-item__text\"><strong>Apr 7, 2026:<\/strong>&nbsp;Stakeholders<\/span><\/div><\/li>\n\n\n\n<li class=\"wp-block-stackable-icon-list-item stk-block-icon-list-item stk-block stk-09e0289\" data-block-id=\"09e0289\"><div class=\"stk-block-icon-list-item__content\"><span class=\"stk--svg-wrapper\"><div class=\"stk--inner-svg\"><svg aria-hidden=\"true\" width=\"32\" height=\"32\"><use xlink:href=\"#stk-icon-list__icon-svg-def-3e0676c\"><\/use><\/svg><\/div><\/span><span class=\"stk-block-icon-list-item__text\"><strong>May 5, 2026:<\/strong>&nbsp;Managing Changes, Delays, and Escalations<\/span><\/div><\/li>\n\n\n\n<li class=\"wp-block-stackable-icon-list-item stk-block-icon-list-item stk-block stk-a1f3ac5\" data-block-id=\"a1f3ac5\"><div class=\"stk-block-icon-list-item__content\"><span class=\"stk--svg-wrapper\"><div class=\"stk--inner-svg\"><svg aria-hidden=\"true\" width=\"32\" height=\"32\"><use xlink:href=\"#stk-icon-list__icon-svg-def-3e0676c\"><\/use><\/svg><\/div><\/span><span class=\"stk-block-icon-list-item__text\"><strong>Jun 2, 2026:<\/strong>&nbsp;Workshop for Reflection and Development Planning<\/span><\/div><\/li>\n<\/ul><\/div>\n\n\n\n<div style=\"height:1.25rem\" aria-hidden=\"true\" class=\"wp-block-spacer\"><\/div>\n<\/div>\n\n\n\n<div class=\"wp-block-buttons is-content-justification-center is-layout-flex wp-container-core-buttons-is-layout-a89b3969 wp-block-buttons-is-layout-flex\">\n<div class=\"wp-block-button\"><a class=\"wp-block-button__link wp-element-button\" href=\"https:\/\/forms.gle\/CdETdvpJ8ENU8nRe9\" rel=\"nofollow noopener\" target=\"_blank\">Apply here<\/a><\/div>\n<\/div>\n<\/div>\n\n\n\n<div class=\"wp-block-group alignfull has-base-2-background-color has-background has-global-padding is-layout-constrained wp-container-core-group-is-layout-669513ed wp-block-group-is-layout-constrained\" style=\"margin-top:0;margin-bottom:0;padding-top:var(--wp--preset--spacing--50);padding-right:var(--wp--preset--spacing--50);padding-bottom:var(--wp--preset--spacing--50);padding-left:var(--wp--preset--spacing--50)\">\n<div class=\"wp-block-group is-vertical is-content-justification-center is-layout-flex wp-container-core-group-is-layout-52b864f0 wp-block-group-is-layout-flex\">\n<h2 class=\"wp-block-heading has-text-align-center is-style-asterisk\">Prices and available Packages<br><\/h2>\n\n\n\n<div style=\"height:0px\" aria-hidden=\"true\" class=\"wp-block-spacer wp-container-content-4f2ccadb\"><\/div>\n<\/div>\n\n\n\n<div style=\"margin-top:0;margin-bottom:0;height:var(--wp--preset--spacing--40)\" aria-hidden=\"true\" class=\"wp-block-spacer\"><\/div>\n\n\n\n<div class=\"wp-block-columns alignwide is-layout-flex wp-container-core-columns-is-layout-d0bbbce0 wp-block-columns-is-layout-flex\">\n<div class=\"wp-block-column is-layout-flow wp-container-core-column-is-layout-e3d1c41b wp-block-column-is-layout-flow\">\n<h3 class=\"wp-block-heading has-text-align-left is-style-asterisk has-body-font-family has-medium-font-size\" style=\"font-style:normal;font-weight:600\"><span style=\"color: #f20808;\" class=\"stk-highlight\">BASIC PACKAGE<\/span><\/h3>\n\n\n\n<p><strong>62.5 EUR (50 + VAT)<\/strong><\/p>\n\n\n\n<p class=\"has-text-align-left\">Participation in all five online workshops &#8211; five monthly online workshops focused on the fundamentals of project management and participants knowledge exchange.<\/p>\n<\/div>\n\n\n\n<div class=\"wp-block-column is-layout-flow wp-container-core-column-is-layout-e3d1c41b wp-block-column-is-layout-flow\">\n<h3 class=\"wp-block-heading has-text-align-left is-style-asterisk has-body-font-family has-medium-font-size\" style=\"font-style:normal;font-weight:600\"><span style=\"color: #fa0606;\" class=\"stk-highlight\">PRO PACKAGE<\/span><\/h3>\n\n\n\n<p><strong>312.5 EUR (250 + VAT)<\/strong><\/p>\n\n\n\n<p class=\"has-text-align-left\">Includes everything from the Basic package, plus:<\/p>\n\n\n\n<p class=\"has-text-align-left\">+ One&nbsp;<strong>group Q&amp;A session<\/strong>&nbsp;for PRO participants<\/p>\n\n\n\n<p>+ One-on-one mentor coaching session with&nbsp;<strong>Tatjana Kotarski (Taj\u010di)<\/strong><\/p>\n\n\n\n<p>+ One-on-one mentor coaching session with&nbsp;<strong>Suzana Divi\u0107 (Suzi)<\/strong><\/p>\n<\/div>\n\n\n\n<div class=\"wp-block-column is-layout-flow wp-container-core-column-is-layout-e3d1c41b wp-block-column-is-layout-flow\">\n<h3 class=\"wp-block-heading has-text-align-left is-style-asterisk has-body-font-family has-medium-font-size\" style=\"font-style:normal;font-weight:600\"><span style=\"color: #fa0606;\" class=\"stk-highlight\">SINGLE WORKSHOP<\/span><\/h3>\n\n\n\n<p><strong>25 EUR (20 + VAT)<\/strong><\/p>\n\n\n\n<p class=\"has-text-align-left\">Any single workshop from the Basic package, except last.<\/p>\n\n\n\n<p class=\"has-text-align-left\">Last workshop is a reflection and development planning for Basic and Pro participants who attended all workshops and can not be separatly attended. <\/p>\n<\/div>\n<\/div>\n\n\n\n<div style=\"height:var(--wp--preset--spacing--20)\" aria-hidden=\"true\" class=\"wp-block-spacer\"><\/div>\n\n\n\n<div class=\"wp-block-buttons is-content-justification-center is-layout-flex wp-container-core-buttons-is-layout-a89b3969 wp-block-buttons-is-layout-flex\">\n<div class=\"wp-block-button\"><a class=\"wp-block-button__link wp-element-button\" href=\"https:\/\/forms.gle\/CdETdvpJ8ENU8nRe9\" rel=\"nofollow noopener\" target=\"_blank\">Apply here<\/a><\/div>\n<\/div>\n\n\n\n<figure class=\"wp-block-image alignwide size-full is-style-rounded is-style-rounded--1\"><img loading=\"lazy\" decoding=\"async\" width=\"800\" height=\"533\" src=\"https:\/\/craftit.hr\/wp-content\/uploads\/2026\/01\/Web_PM_slika.jpg\" alt=\"\" class=\"wp-image-689\" srcset=\"https:\/\/craftit.hr\/wp-content\/uploads\/2026\/01\/Web_PM_slika.jpg 800w, https:\/\/craftit.hr\/wp-content\/uploads\/2026\/01\/Web_PM_slika-300x200.jpg 300w, https:\/\/craftit.hr\/wp-content\/uploads\/2026\/01\/Web_PM_slika-768x512.jpg 768w, https:\/\/craftit.hr\/wp-content\/uploads\/2026\/01\/Web_PM_slika-18x12.jpg 18w, https:\/\/craftit.hr\/wp-content\/uploads\/2026\/01\/Web_PM_slika-500x333.jpg 500w\" sizes=\"auto, (max-width: 800px) 100vw, 800px\" \/><\/figure>\n<\/div>\n\n\n\n<div class=\"wp-block-group alignfull has-global-padding is-layout-constrained wp-container-core-group-is-layout-d89aad35 wp-block-group-is-layout-constrained\" style=\"margin-top:0;margin-bottom:0;padding-top:var(--wp--preset--spacing--50);padding-right:var(--wp--preset--spacing--50);padding-bottom:var(--wp--preset--spacing--50);padding-left:var(--wp--preset--spacing--50)\">\n<div class=\"wp-block-group alignwide has-global-padding is-layout-constrained wp-container-core-group-is-layout-19e250f3 wp-block-group-is-layout-constrained\">\n<div class=\"wp-block-group is-vertical is-content-justification-center is-layout-flex wp-container-core-group-is-layout-6329a8f3 wp-block-group-is-layout-flex\">\n<h2 class=\"wp-block-heading has-text-align-center is-style-asterisk\">Refund policy and data protection considerations<\/h2>\n<\/div>\n\n\n\n<div style=\"height:var(--wp--preset--spacing--40)\" aria-hidden=\"true\" class=\"wp-block-spacer\"><\/div>\n\n\n\n<div class=\"wp-block-columns alignwide is-layout-flex wp-container-core-columns-is-layout-d1c656ed wp-block-columns-is-layout-flex\">\n<div class=\"wp-block-column is-vertically-aligned-center is-layout-flow wp-block-column-is-layout-flow\" style=\"flex-basis:40%\">\n<h3 class=\"wp-block-heading is-style-asterisk\">Etics and data protection<\/h3>\n\n\n\n<ul style=\"line-height:1.75\" class=\"wp-block-list is-style-checkmark-list\">\n<li>CraftIT is the organizing party, so your personal and payment details data will not be shared with other included parties. <\/li>\n\n\n\n<li>You will share what you choose on Zoom calls with CraftIT, pm4you and other participants. That includes your Zoom title, name, and stories you bring. You can anonimize any sensitive details about employer and coleges before sharing to the group.    <\/li>\n\n\n\n<li>Group will be asked to comply to Vegas rule, but that relies on participants honesty and is not legaly binding.<\/li>\n\n\n\n<li>Group sessions will not be recorded.<\/li>\n\n\n\n<li>1:1 sessions for PRO users are confidential.<\/li>\n<\/ul>\n<\/div>\n\n\n\n<div class=\"wp-block-column is-layout-flow wp-block-column-is-layout-flow\" style=\"flex-basis:50%\">\n<div style=\"height:100px\" aria-hidden=\"true\" class=\"wp-block-spacer\"><\/div>\n\n\n\n<figure class=\"wp-block-image size-full is-style-rounded is-style-rounded--2\"><img loading=\"lazy\" decoding=\"async\" width=\"800\" height=\"533\" src=\"https:\/\/craftit.hr\/wp-content\/uploads\/2026\/01\/web_honesty.jpg\" alt=\"\" class=\"wp-image-690\" srcset=\"https:\/\/craftit.hr\/wp-content\/uploads\/2026\/01\/web_honesty.jpg 800w, https:\/\/craftit.hr\/wp-content\/uploads\/2026\/01\/web_honesty-300x200.jpg 300w, https:\/\/craftit.hr\/wp-content\/uploads\/2026\/01\/web_honesty-768x512.jpg 768w, https:\/\/craftit.hr\/wp-content\/uploads\/2026\/01\/web_honesty-18x12.jpg 18w, https:\/\/craftit.hr\/wp-content\/uploads\/2026\/01\/web_honesty-500x333.jpg 500w\" sizes=\"auto, (max-width: 800px) 100vw, 800px\" \/><\/figure>\n<\/div>\n<\/div>\n\n\n\n<div style=\"height:var(--wp--preset--spacing--40)\" aria-hidden=\"true\" class=\"wp-block-spacer\"><\/div>\n\n\n\n<div class=\"wp-block-columns alignwide is-layout-flex wp-container-core-columns-is-layout-d1c656ed wp-block-columns-is-layout-flex\">\n<div class=\"wp-block-column is-layout-flow wp-block-column-is-layout-flow\" style=\"flex-basis:50%\">\n<div style=\"height:100px\" aria-hidden=\"true\" class=\"wp-block-spacer\"><\/div>\n\n\n\n<figure class=\"wp-block-image size-full is-style-rounded is-style-rounded--3\"><img loading=\"lazy\" decoding=\"async\" width=\"800\" height=\"533\" src=\"https:\/\/craftit.hr\/wp-content\/uploads\/2026\/01\/web_claim.jpg\" alt=\"\" class=\"wp-image-691\" srcset=\"https:\/\/craftit.hr\/wp-content\/uploads\/2026\/01\/web_claim.jpg 800w, https:\/\/craftit.hr\/wp-content\/uploads\/2026\/01\/web_claim-300x200.jpg 300w, https:\/\/craftit.hr\/wp-content\/uploads\/2026\/01\/web_claim-768x512.jpg 768w, https:\/\/craftit.hr\/wp-content\/uploads\/2026\/01\/web_claim-18x12.jpg 18w, https:\/\/craftit.hr\/wp-content\/uploads\/2026\/01\/web_claim-500x333.jpg 500w\" sizes=\"auto, (max-width: 800px) 100vw, 800px\" \/><\/figure>\n<\/div>\n\n\n\n<div class=\"wp-block-column is-vertically-aligned-center is-layout-flow wp-block-column-is-layout-flow\" style=\"flex-basis:40%\">\n<h3 class=\"wp-block-heading is-style-asterisk\">Payments and Refund policy<\/h3>\n\n\n\n<ul style=\"line-height:1.75\" class=\"wp-block-list is-style-checkmark-list\">\n<li>When you click apply and enter form, we count on you to participate. You will be asked to perform payment after we confirm that there are enough interest and that workshops can be held as planned<\/li>\n\n\n\n<li>After recieving payment details, you will secure your spot with timely payment .  <\/li>\n\n\n\n<li>In case of not attendance, partial refunds will not be granted. <\/li>\n\n\n\n<li>If workshop has to be moved because of organizers and you are unable to attend, partial refund will be granted. <\/li>\n\n\n\n<li>Any disputes will be handled case by case.<\/li>\n<\/ul>\n<\/div>\n<\/div>\n<\/div>\n\n\n\n<div style=\"height:63px\" aria-hidden=\"true\" class=\"wp-block-spacer\"><\/div>\n\n\n\n<div class=\"wp-block-buttons is-content-justification-center is-layout-flex wp-container-core-buttons-is-layout-a89b3969 wp-block-buttons-is-layout-flex\">\n<div class=\"wp-block-button\"><a class=\"wp-block-button__link wp-element-button\" href=\"https:\/\/forms.gle\/CdETdvpJ8ENU8nRe9\" rel=\"nofollow noopener\" target=\"_blank\">Apply here<\/a><\/div>\n<\/div>\n\n\n\n<div style=\"height:63px\" aria-hidden=\"true\" class=\"wp-block-spacer\"><\/div>\n\n\n\n<p>Still not sure this is good fit for you?  Lets check it together, contact us:<\/p>\n\n\n\n<div class=\"wp-block-buttons is-content-justification-center is-layout-flex wp-container-core-buttons-is-layout-a89b3969 wp-block-buttons-is-layout-flex\">\n<div class=\"wp-block-button\"><a class=\"wp-block-button__link wp-element-button\" href=\"https:\/\/craftit.hr\/contact_us\/\">Contact us<\/a><\/div>\n<\/div>\n<\/div>\n\n\n\n<div class=\"wp-block-group alignfull has-base-color has-contrast-background-color has-text-color has-background has-global-padding is-layout-constrained wp-container-core-group-is-layout-ef3d885c wp-block-group-is-layout-constrained\" style=\"margin-top:0;margin-bottom:0;padding-top:var(--wp--preset--spacing--60);padding-right:var(--wp--preset--spacing--60);padding-bottom:var(--wp--preset--spacing--60);padding-left:var(--wp--preset--spacing--60)\">\n<div class=\"wp-block-group has-global-padding is-layout-constrained wp-block-group-is-layout-constrained\">\n<p class=\"has-text-align-center has-base-color has-text-color has-heading-font-family has-x-large-font-size\" style=\"line-height:1.2\"><em>\u201cA candle loses nothing by lighting another candle.\u201d<\/em><\/p>\n\n\n\n<h2 class=\"wp-block-heading has-text-align-center\"><span style=\"color: #fffffe;\" class=\"stk-highlight\">Rumi<\/span><\/h2>\n\n\n\n<div style=\"height:var(--wp--preset--spacing--10)\" aria-hidden=\"true\" class=\"wp-block-spacer\"><\/div>\n<\/div>\n<\/div>\n","protected":false},"excerpt":{"rendered":"<p>Educational and Mentoring Workshops&nbsp;led by Suzana Divi\u0107&nbsp;and&nbsp;Tatjana Kotarski. Are you new to project leadership or find yourself guiding initiatives without a title? This hands-on online workshop series is designed for you! You\u2019ll explore essential project skills in an interactive Zoom setting, collaborate in small groups, and tackle real-world examples. No prior experience required, just bring [&hellip;]<\/p>\n","protected":false},"author":1,"featured_media":687,"parent":0,"menu_order":0,"comment_status":"closed","ping_status":"closed","template":"","meta":{"footnotes":""},"class_list":["post-686","page","type-page","status-publish","has-post-thumbnail","hentry"],"_links":{"self":[{"href":"https:\/\/craftit.hr\/en\/wp-json\/wp\/v2\/pages\/686","targetHints":{"allow":["GET"]}}],"collection":[{"href":"https:\/\/craftit.hr\/en\/wp-json\/wp\/v2\/pages"}],"about":[{"href":"https:\/\/craftit.hr\/en\/wp-json\/wp\/v2\/types\/page"}],"author":[{"embeddable":true,"href":"https:\/\/craftit.hr\/en\/wp-json\/wp\/v2\/users\/1"}],"replies":[{"embeddable":true,"href":"https:\/\/craftit.hr\/en\/wp-json\/wp\/v2\/comments?post=686"}],"version-history":[{"count":19,"href":"https:\/\/craftit.hr\/en\/wp-json\/wp\/v2\/pages\/686\/revisions"}],"predecessor-version":[{"id":715,"href":"https:\/\/craftit.hr\/en\/wp-json\/wp\/v2\/pages\/686\/revisions\/715"}],"wp:featuredmedia":[{"embeddable":true,"href":"https:\/\/craftit.hr\/en\/wp-json\/wp\/v2\/media\/687"}],"wp:attachment":[{"href":"https:\/\/craftit.hr\/en\/wp-json\/wp\/v2\/media?parent=686"}],"curies":[{"name":"wp","href":"https:\/\/api.w.org\/{rel}","templated":true}]}}